{"id":10709,"date":"2023-05-13T01:09:53","date_gmt":"2023-05-13T01:09:53","guid":{"rendered":"https:\/\/jack.cmparts.cn\/?post_type=product&#038;p=10709"},"modified":"2023-05-13T01:09:54","modified_gmt":"2023-05-13T01:09:54","slug":"main-bearing-61800010128-61800010132-1-7kg-weichai-deutz-wp12-380-engine-parts","status":"publish","type":"product","link":"https:\/\/jack.cmparts.cn\/?product=main-bearing-61800010128-61800010132-1-7kg-weichai-deutz-wp12-380-engine-parts","title":{"rendered":"MAIN BEARING 61800010128 61800010132 1.7KG Weichai DEUTZ WP12 380 Engine Parts"},"content":{"rendered":"<p>MAIN BEARING 61800010128 61800010132 1.7KG Weichai DEUTZ WP12 380 Engine Parts Chinese Factory<\/p>\n<p><img decoding=\"async\" loading=\"lazy\" class=\"alignnone size-medium wp-image-10688\" src=\"https:\/\/jack.cmparts.cn\/wp-content\/uploads\/2023\/05\/40-7-MAIN-BEARING-61800010128-61800010132-1.7KG-Weichai-DEUTZ-WP12-380-Engine-Parts-600x600.jpg\" alt=\"40 7 MAIN BEARING 61800010128 61800010132 1.7KG Weichai DEUTZ WP12 380 Engine Parts\" width=\"600\" height=\"600\" srcset=\"https:\/\/jack.cmparts.cn\/wp-content\/uploads\/2023\/05\/40-7-MAIN-BEARING-61800010128-61800010132-1.7KG-Weichai-DEUTZ-WP12-380-Engine-Parts-600x600.jpg 600w, https:\/\/jack.cmparts.cn\/wp-content\/uploads\/2023\/05\/40-7-MAIN-BEARING-61800010128-61800010132-1.7KG-Weichai-DEUTZ-WP12-380-Engine-Parts-150x150.jpg 150w, https:\/\/jack.cmparts.cn\/wp-content\/uploads\/2023\/05\/40-7-MAIN-BEARING-61800010128-61800010132-1.7KG-Weichai-DEUTZ-WP12-380-Engine-Parts-768x768.jpg 768w, https:\/\/jack.cmparts.cn\/wp-content\/uploads\/2023\/05\/40-7-MAIN-BEARING-61800010128-61800010132-1.7KG-Weichai-DEUTZ-WP12-380-Engine-Parts-300x300.jpg 300w, https:\/\/jack.cmparts.cn\/wp-content\/uploads\/2023\/05\/40-7-MAIN-BEARING-61800010128-61800010132-1.7KG-Weichai-DEUTZ-WP12-380-Engine-Parts-100x100.jpg 100w, https:\/\/jack.cmparts.cn\/wp-content\/uploads\/2023\/05\/40-7-MAIN-BEARING-61800010128-61800010132-1.7KG-Weichai-DEUTZ-WP12-380-Engine-Parts.jpg 1000w\" sizes=\"(max-width: 600px) 100vw, 600px\" \/><\/p>\n<p>CMPARTS Construction Machinery Co.,LTD China factory direct supply construction machinery parts<\/p>\n<p>Our main products include:<br \/>\nSDLG, XCMG, LIUGONG, VOLVO, KOMATSU,JCB,FOTON LOVOL,LONKING,SHANTUI, SEM, XGMA, CHANGLIN SINOMACH, DEUTZ,CUMMINS, YUCHAI,WEICHAI, XINCHAI, YTO, SHANGCHAI HOWO HANVAN TRUCK ZF ADVANCE brands such as original spare parts<\/p>\n<p>Wheel Loader Spare Parts \/ Excavator spare parts \/ Road roller spare parts \/ Bulldozer spare parts \/ Motor Grader Spare Parts \/ Backhoe Loader Spare Parts \/ Crane spare parts \/ Truck spare parts \/ construction machinery spare parts \/ Pavement Machinery Spare Parts \/ Earth-moving Machinery Spare Parts<br \/>\nProduct catalog (part)<\/p>\n<p>11217446 Adjust the gasket<br \/>\n29370021251 Reduction motor Sprocket 17Z-10A<br \/>\n4041001011 GASKET; ;<br \/>\n6900004066 Hook type spreader MS2XW(01)XG-01(Two legs equal length 800mm)<br \/>\n21909010311 Connector assembly<br \/>\n9180E5 Hexagon Flange Face Bolt 612630040144<br \/>\n3110800181 Sensor GQT168-054<br \/>\n4110003822038 Inner ring<br \/>\n4120007927035 Engine support<br \/>\nF952DZZX Tapered Roller Bearing 32012<br \/>\n29380021791 Pipe clamp<br \/>\n4043000433 Board<br \/>\n4110001089364 Aviation connector<br \/>\n11225043 Rear frame wiring harness<br \/>\n4120000904101 Pok Signature Pen (0.7)<br \/>\n4120005371018 Silicon Carbide ball head brush \u03c66MM abrasive size 120<br \/>\n3214882181 High current splitter support<br \/>\nLG7300000642-1 external electrical assembly<br \/>\nF3903652 Pipeline Assembly &#8211; Oil pump to fuel filter 1104030-A002\/B 14730700<br \/>\n4110000308 inside dial indicator<br \/>\n29120044321 Seat Assembly<br \/>\n6420002131 PLATE<br \/>\n11210717 Hose LGB163-014082<br \/>\n4030001097 Side panel<br \/>\n29010060431 Left baffle plate<br \/>\n4120001533 Curved plate<br \/>\n29320009992 Exhaust elbow D00-118-15+C<br \/>\n26270001121 Gasket<br \/>\n6900017835 Iron wood combination box<br \/>\nLG0M0860CH0 Shock Absorber QQKZC-910<br \/>\n4110001100303 L955FC Wheel Loader<br \/>\n6900005010 Engine wiring harness<br \/>\n4110000601 Deactivated &#8211; Front End Cover Assembly 1011015-65D<br \/>\n29290061011 hand drill switch<br \/>\n29110009001 BRAND<br \/>\n3050900143 Pin LGB301-95*170*320-1C10G<br \/>\n29030041601 Hose 20411-30-12TZ\/20411-30-12TZ*EQUATOR\/1-<br \/>\n29270007681 rear beam<br \/>\n14409223 handrail<br \/>\n29190012061 LINK<br \/>\n4110003377055 Fan Pad D16A-128-34+A<br \/>\n6900003619 Cigarette Lighter<br \/>\n26160004571 fuel return hose<br \/>\n11216668 Fuel tank assembly<br \/>\n6212000483 Cab Assembly assy<br \/>\n6270000310 Thermostat Model: DC1040CR-3021010-E<br \/>\n7300001211 subframe support frame<br \/>\nO-ring GB34552.1-128 *3.55G-FPM<br \/>\n14661713 Rubber sleeve<br \/>\n28120002691 Seat LG760<br \/>\n11211461 Electrical assy for rear frame<br \/>\n6390301138 Auxiliary Materials (16.5\/90\/45\/35\/68\/275\/3)<br \/>\nO2-2937001531 Angle steel 40\u00d740\u00d73\u00d7590<br \/>\n29170153951 Control box top cover<br \/>\n28250020861 left beam<br \/>\n26340005501 Plate t20*2560-SM490A<br \/>\n28230018881 PIPE<br \/>\n6410004002 Valve spring<br \/>\n6219000072 Color band Brother TZe-FX631<br \/>\n29380018601 Diesel Engine Oil CH-4 10W\/30-18L<br \/>\n29280015391 block plate<br \/>\nMail:jma54309@gmail.com<br \/>\n6430000994 Return block assembly<br \/>\nFXJAU-00577F Oil return flange<br \/>\n4110001126045 Temperature sensor<br \/>\n29340036741 Asbestos pad<br \/>\n14633736 Middle Cover assembly<br \/>\n16025726 guide sleeve &#8211; blank<br \/>\n6410001275 cylinder jacket ZFJ<br \/>\n29090013721 Dashboard Assy Y938C-SPEED<br \/>\n6373200103 Sensor jacket<br \/>\nLG5111000957 nameplate<br \/>\n6900019912 Hexagon Bolt 01149058<br \/>\n21909015191 BLOCK-PLATE<br \/>\n6299000357 Sealing Sponge<br \/>\nZJ2708010313 Rubber hose F781C91C2525(SL120)16-1280-FS-F1280<br \/>\n26030001691 rear frame harness<br \/>\n26141019091 Air conditioner<br \/>\nFZ0001363 Flywheel Housing HA01997<br \/>\n2880902463003 Blade 490R-140408M-PL1020<br \/>\nLG2602000736101 Working light (6 PCS) 7114-11400<br \/>\n4120016268026 LG6210 boom anti-tipping device<br \/>\n4110003115022 Engine assembly<br \/>\n4120002266001 Shaft with combination seal CKS0450<br \/>\n29030010021 Primary allocator<br \/>\n29360009571 Fuel line<br \/>\n21909014081 Supports<br \/>\n26360100301 Sponge<br \/>\n26170001631 Upper cover<br \/>\n29050029181 CR plate<br \/>\n29240038051 LG938L fuel tank Assembly<br \/>\n4110000014038 Securing the board<br \/>\n29350010991 Flange screws<br \/>\n26330032741 Hood frame Assembly 14598931<br \/>\n26160004311 Drive screw bevel Gear (left)<br \/>\n29170154191 E6300F main line bundle<br \/>\n4110001031 Crankshaft tile<br \/>\n4110004276006 Pressure plate<br \/>\n26310003761 side wear plate 935229<br \/>\n29050029852 Spring cushion 20946-93516<br \/>\n4120000173 LG953L\u2161 Cylinder Assembly ZL40<br \/>\n26270005021 Clip tape LGB320-TA970<br \/>\nCab Assy 4110000011227<br \/>\n11218506 Saddle R909443085<br \/>\n28140009312 Cab accessories<br \/>\nFK1041106 Bucket control lever<br \/>\n4110000076400 Air conditioner Filter Element Cover lock<br \/>\n21909007601 Third steel pipe, left<br \/>\n26360003111 Body shell rear sealing plate<br \/>\nLG2990000118 Deactivated &#8211; Clip L946<br \/>\n4120006271010 Rear sealing baffle plate<br \/>\n29040009121 Boom cylinder HSGK-110*60*725-1155<br \/>\nFKC4130000281 Steel pipe<br \/>\n28120004571 Flywheel Bolt 1001021368<br \/>\nP-stop ring GB894.1-60-65Mn LG930<br \/>\n11217357 Check valve C5V10-610B1019<br \/>\n6420002465 Protection plate<br \/>\n29030015131 Hydraulic control assembly<br \/>\n29170065411 Seal Sponge<br \/>\nLG9140000389 boom joint large cavity tee steel pipe<\/p>\n","protected":false},"excerpt":{"rendered":"<p>MAIN BEARING 61800010128 61800010132 1.7KG Weichai DEUTZ WP12 380 Engine Parts Chinese Factory CMPARTS Construction Machinery Co.,LTD China factory direct supply construction machinery parts Our main products include: SDLG, XCMG, LIUGONG, VOLVO, KOMATSU,JCB,FOTON LOVOL,LONKING,SHANTUI, SEM, XGMA, CHANGLIN SINOMACH, DEUTZ,CUMMINS, YUCHAI,WEICHAI, <span class=\"excerpt-dots\">&hellip;<\/span> <a class=\"more-link\" href=\"https:\/\/jack.cmparts.cn\/?product=main-bearing-61800010128-61800010132-1-7kg-weichai-deutz-wp12-380-engine-parts\"><span class=\"more-msg\">Continue reading &rarr;<\/span><\/a><\/p>\n","protected":false},"featured_media":10688,"template":"","meta":[],"product_cat":[18,106,36,35,50,105],"product_tag":[129,135,137,157,160],"yoast_head":"<!-- This site is optimized with the Yoast SEO plugin v20.6 - https:\/\/yoast.com\/wordpress\/plugins\/seo\/ -->\n<title>MAIN BEARING 61800010128 61800010132 1.7KG Weichai DEUTZ WP12 380 Engine Parts - WEIMAN CO .,Ltd<\/title>\n<meta name=\"description\" content=\"Original MAIN BEARING 61800010128 61800010132 1.7KG Weichai DEUTZ WP12 380 Engine Parts Supply from Chinese factory With Good Price\" \/>\n<meta name=\"robots\" content=\"index, follow, max-snippet:-1, max-image-preview:large, max-video-preview:-1\" \/>\n<link rel=\"canonical\" href=\"https:\/\/jack.cmparts.cn\/?product=main-bearing-61800010128-61800010132-1-7kg-weichai-deutz-wp12-380-engine-parts\" \/>\n<meta property=\"og:locale\" content=\"en_US\" \/>\n<meta property=\"og:type\" content=\"article\" \/>\n<meta property=\"og:title\" content=\"MAIN BEARING 61800010128 61800010132 1.7KG Weichai DEUTZ WP12 380 Engine Parts - WEIMAN CO .,Ltd\" \/>\n<meta property=\"og:description\" content=\"Original MAIN BEARING 61800010128 61800010132 1.7KG Weichai DEUTZ WP12 380 Engine Parts Supply from Chinese factory With Good Price\" \/>\n<meta property=\"og:url\" content=\"https:\/\/jack.cmparts.cn\/?product=main-bearing-61800010128-61800010132-1-7kg-weichai-deutz-wp12-380-engine-parts\" \/>\n<meta property=\"og:site_name\" content=\"WEIMAN CO .,Ltd\" \/>\n<meta property=\"article:modified_time\" content=\"2023-05-13T01:09:54+00:00\" \/>\n<meta property=\"og:image\" content=\"https:\/\/jack.cmparts.cn\/wp-content\/uploads\/2023\/05\/40-7-MAIN-BEARING-61800010128-61800010132-1.7KG-Weichai-DEUTZ-WP12-380-Engine-Parts.jpg\" \/>\n\t<meta property=\"og:image:width\" content=\"1000\" \/>\n\t<meta property=\"og:image:height\" content=\"1000\" \/>\n\t<meta property=\"og:image:type\" content=\"image\/jpeg\" \/>\n<meta name=\"twitter:card\" content=\"summary_large_image\" \/>\n<meta name=\"twitter:label1\" content=\"Est. reading time\" \/>\n\t<meta name=\"twitter:data1\" content=\"3 minutes\" \/>\n<script type=\"application\/ld+json\" class=\"yoast-schema-graph\">{\"@context\":\"https:\/\/schema.org\",\"@graph\":[{\"@type\":\"WebPage\",\"@id\":\"https:\/\/jack.cmparts.cn\/?product=main-bearing-61800010128-61800010132-1-7kg-weichai-deutz-wp12-380-engine-parts\",\"url\":\"https:\/\/jack.cmparts.cn\/?product=main-bearing-61800010128-61800010132-1-7kg-weichai-deutz-wp12-380-engine-parts\",\"name\":\"MAIN BEARING 61800010128 61800010132 1.7KG Weichai DEUTZ WP12 380 Engine Parts - WEIMAN CO .,Ltd\",\"isPartOf\":{\"@id\":\"https:\/\/jack.cmparts.cn\/#website\"},\"datePublished\":\"2023-05-13T01:09:53+00:00\",\"dateModified\":\"2023-05-13T01:09:54+00:00\",\"description\":\"Original MAIN BEARING 61800010128 61800010132 1.7KG Weichai DEUTZ WP12 380 Engine Parts Supply from Chinese factory With Good Price\",\"breadcrumb\":{\"@id\":\"https:\/\/jack.cmparts.cn\/?product=main-bearing-61800010128-61800010132-1-7kg-weichai-deutz-wp12-380-engine-parts#breadcrumb\"},\"inLanguage\":\"en-US\",\"potentialAction\":[{\"@type\":\"ReadAction\",\"target\":[\"https:\/\/jack.cmparts.cn\/?product=main-bearing-61800010128-61800010132-1-7kg-weichai-deutz-wp12-380-engine-parts\"]}]},{\"@type\":\"BreadcrumbList\",\"@id\":\"https:\/\/jack.cmparts.cn\/?product=main-bearing-61800010128-61800010132-1-7kg-weichai-deutz-wp12-380-engine-parts#breadcrumb\",\"itemListElement\":[{\"@type\":\"ListItem\",\"position\":1,\"name\":\"Home\",\"item\":\"https:\/\/jack.cmparts.cn\/\"},{\"@type\":\"ListItem\",\"position\":2,\"name\":\"Products\",\"item\":\"https:\/\/jack.cmparts.cn\/?post_type=product\"},{\"@type\":\"ListItem\",\"position\":3,\"name\":\"MAIN BEARING 61800010128 61800010132 1.7KG Weichai DEUTZ WP12 380 Engine Parts\"}]},{\"@type\":\"WebSite\",\"@id\":\"https:\/\/jack.cmparts.cn\/#website\",\"url\":\"https:\/\/jack.cmparts.cn\/\",\"name\":\"WEIMAN CO .,Ltd\",\"description\":\"SDLG XCMG LIUGONG FOTON LOVOL SEM SHANTUI LONKING XGMA SPARE PARTS\",\"potentialAction\":[{\"@type\":\"SearchAction\",\"target\":{\"@type\":\"EntryPoint\",\"urlTemplate\":\"https:\/\/jack.cmparts.cn\/?s={search_term_string}\"},\"query-input\":\"required name=search_term_string\"}],\"inLanguage\":\"en-US\"}]}<\/script>\n<!-- \/ Yoast SEO plugin. -->","yoast_head_json":{"title":"MAIN BEARING 61800010128 61800010132 1.7KG Weichai DEUTZ WP12 380 Engine Parts - WEIMAN CO .,Ltd","description":"Original MAIN BEARING 61800010128 61800010132 1.7KG Weichai DEUTZ WP12 380 Engine Parts Supply from Chinese factory With Good Price","robots":{"index":"index","follow":"follow","max-snippet":"max-snippet:-1","max-image-preview":"max-image-preview:large","max-video-preview":"max-video-preview:-1"},"canonical":"https:\/\/jack.cmparts.cn\/?product=main-bearing-61800010128-61800010132-1-7kg-weichai-deutz-wp12-380-engine-parts","og_locale":"en_US","og_type":"article","og_title":"MAIN BEARING 61800010128 61800010132 1.7KG Weichai DEUTZ WP12 380 Engine Parts - WEIMAN CO .,Ltd","og_description":"Original MAIN BEARING 61800010128 61800010132 1.7KG Weichai DEUTZ WP12 380 Engine Parts Supply from Chinese factory With Good Price","og_url":"https:\/\/jack.cmparts.cn\/?product=main-bearing-61800010128-61800010132-1-7kg-weichai-deutz-wp12-380-engine-parts","og_site_name":"WEIMAN CO .,Ltd","article_modified_time":"2023-05-13T01:09:54+00:00","og_image":[{"width":1000,"height":1000,"url":"https:\/\/jack.cmparts.cn\/wp-content\/uploads\/2023\/05\/40-7-MAIN-BEARING-61800010128-61800010132-1.7KG-Weichai-DEUTZ-WP12-380-Engine-Parts.jpg","type":"image\/jpeg"}],"twitter_card":"summary_large_image","twitter_misc":{"Est. reading time":"3 minutes"},"schema":{"@context":"https:\/\/schema.org","@graph":[{"@type":"WebPage","@id":"https:\/\/jack.cmparts.cn\/?product=main-bearing-61800010128-61800010132-1-7kg-weichai-deutz-wp12-380-engine-parts","url":"https:\/\/jack.cmparts.cn\/?product=main-bearing-61800010128-61800010132-1-7kg-weichai-deutz-wp12-380-engine-parts","name":"MAIN BEARING 61800010128 61800010132 1.7KG Weichai DEUTZ WP12 380 Engine Parts - WEIMAN CO .,Ltd","isPartOf":{"@id":"https:\/\/jack.cmparts.cn\/#website"},"datePublished":"2023-05-13T01:09:53+00:00","dateModified":"2023-05-13T01:09:54+00:00","description":"Original MAIN BEARING 61800010128 61800010132 1.7KG Weichai DEUTZ WP12 380 Engine Parts Supply from Chinese factory With Good Price","breadcrumb":{"@id":"https:\/\/jack.cmparts.cn\/?product=main-bearing-61800010128-61800010132-1-7kg-weichai-deutz-wp12-380-engine-parts#breadcrumb"},"inLanguage":"en-US","potentialAction":[{"@type":"ReadAction","target":["https:\/\/jack.cmparts.cn\/?product=main-bearing-61800010128-61800010132-1-7kg-weichai-deutz-wp12-380-engine-parts"]}]},{"@type":"BreadcrumbList","@id":"https:\/\/jack.cmparts.cn\/?product=main-bearing-61800010128-61800010132-1-7kg-weichai-deutz-wp12-380-engine-parts#breadcrumb","itemListElement":[{"@type":"ListItem","position":1,"name":"Home","item":"https:\/\/jack.cmparts.cn\/"},{"@type":"ListItem","position":2,"name":"Products","item":"https:\/\/jack.cmparts.cn\/?post_type=product"},{"@type":"ListItem","position":3,"name":"MAIN BEARING 61800010128 61800010132 1.7KG Weichai DEUTZ WP12 380 Engine Parts"}]},{"@type":"WebSite","@id":"https:\/\/jack.cmparts.cn\/#website","url":"https:\/\/jack.cmparts.cn\/","name":"WEIMAN CO .,Ltd","description":"SDLG XCMG LIUGONG FOTON LOVOL SEM SHANTUI LONKING XGMA SPARE PARTS","potentialAction":[{"@type":"SearchAction","target":{"@type":"EntryPoint","urlTemplate":"https:\/\/jack.cmparts.cn\/?s={search_term_string}"},"query-input":"required name=search_term_string"}],"inLanguage":"en-US"}]}},"_links":{"self":[{"href":"https:\/\/jack.cmparts.cn\/index.php?rest_route=\/wp\/v2\/product\/10709"}],"collection":[{"href":"https:\/\/jack.cmparts.cn\/index.php?rest_route=\/wp\/v2\/product"}],"about":[{"href":"https:\/\/jack.cmparts.cn\/index.php?rest_route=\/wp\/v2\/types\/product"}],"wp:featuredmedia":[{"embeddable":true,"href":"https:\/\/jack.cmparts.cn\/index.php?rest_route=\/wp\/v2\/media\/10688"}],"wp:attachment":[{"href":"https:\/\/jack.cmparts.cn\/index.php?rest_route=%2Fwp%2Fv2%2Fmedia&parent=10709"}],"wp:term":[{"taxonomy":"product_cat","embeddable":true,"href":"https:\/\/jack.cmparts.cn\/index.php?rest_route=%2Fwp%2Fv2%2Fproduct_cat&post=10709"},{"taxonomy":"product_tag","embeddable":true,"href":"https:\/\/jack.cmparts.cn\/index.php?rest_route=%2Fwp%2Fv2%2Fproduct_tag&post=10709"}],"curies":[{"name":"wp","href":"https:\/\/api.w.org\/{rel}","templated":true}]}}