{"id":12135,"date":"2023-05-23T08:09:27","date_gmt":"2023-05-23T08:09:27","guid":{"rendered":"https:\/\/jack.cmparts.cn\/?post_type=product&#038;p=12135"},"modified":"2023-05-23T08:09:28","modified_gmt":"2023-05-23T08:09:28","slug":"connecting-rod-xinchai-498bpg-diesel-engine-parts","status":"publish","type":"product","link":"https:\/\/jack.cmparts.cn\/?product=connecting-rod-xinchai-498bpg-diesel-engine-parts","title":{"rendered":"Connecting Rod XINCHAI 498BPG DIESEL ENGINE PARTS"},"content":{"rendered":"<p>Connecting Rod XINCHAI 498BPG DIESEL ENGINE PARTS<\/p>\n<p><img decoding=\"async\" loading=\"lazy\" class=\"alignnone size-medium wp-image-12081\" src=\"https:\/\/jack.cmparts.cn\/wp-content\/uploads\/2023\/05\/89-4-XINCHAI-498BPG-connecting-rod-3-600x600.jpg\" alt=\"89 4 XINCHAI 498BPG connecting rod (4)\" width=\"600\" height=\"600\" srcset=\"https:\/\/jack.cmparts.cn\/wp-content\/uploads\/2023\/05\/89-4-XINCHAI-498BPG-connecting-rod-3-600x600.jpg 600w, https:\/\/jack.cmparts.cn\/wp-content\/uploads\/2023\/05\/89-4-XINCHAI-498BPG-connecting-rod-3-150x150.jpg 150w, https:\/\/jack.cmparts.cn\/wp-content\/uploads\/2023\/05\/89-4-XINCHAI-498BPG-connecting-rod-3-768x768.jpg 768w, https:\/\/jack.cmparts.cn\/wp-content\/uploads\/2023\/05\/89-4-XINCHAI-498BPG-connecting-rod-3-300x300.jpg 300w, https:\/\/jack.cmparts.cn\/wp-content\/uploads\/2023\/05\/89-4-XINCHAI-498BPG-connecting-rod-3-100x100.jpg 100w, https:\/\/jack.cmparts.cn\/wp-content\/uploads\/2023\/05\/89-4-XINCHAI-498BPG-connecting-rod-3.jpg 1000w\" sizes=\"(max-width: 600px) 100vw, 600px\" \/> <img decoding=\"async\" loading=\"lazy\" class=\"alignnone size-medium wp-image-12080\" src=\"https:\/\/jack.cmparts.cn\/wp-content\/uploads\/2023\/05\/89-4-XINCHAI-498BPG-connecting-rod-2-600x600.jpg\" alt=\"89 4 XINCHAI 498BPG connecting rod (4)\" width=\"600\" height=\"600\" srcset=\"https:\/\/jack.cmparts.cn\/wp-content\/uploads\/2023\/05\/89-4-XINCHAI-498BPG-connecting-rod-2-600x600.jpg 600w, https:\/\/jack.cmparts.cn\/wp-content\/uploads\/2023\/05\/89-4-XINCHAI-498BPG-connecting-rod-2-150x150.jpg 150w, https:\/\/jack.cmparts.cn\/wp-content\/uploads\/2023\/05\/89-4-XINCHAI-498BPG-connecting-rod-2-768x768.jpg 768w, https:\/\/jack.cmparts.cn\/wp-content\/uploads\/2023\/05\/89-4-XINCHAI-498BPG-connecting-rod-2-300x300.jpg 300w, https:\/\/jack.cmparts.cn\/wp-content\/uploads\/2023\/05\/89-4-XINCHAI-498BPG-connecting-rod-2-100x100.jpg 100w, https:\/\/jack.cmparts.cn\/wp-content\/uploads\/2023\/05\/89-4-XINCHAI-498BPG-connecting-rod-2.jpg 1000w\" sizes=\"(max-width: 600px) 100vw, 600px\" \/> <img decoding=\"async\" loading=\"lazy\" class=\"alignnone size-medium wp-image-12079\" src=\"https:\/\/jack.cmparts.cn\/wp-content\/uploads\/2023\/05\/89-4-XINCHAI-498BPG-connecting-rod-1-600x600.jpg\" alt=\"89 4 XINCHAI 498BPG connecting rod (4)\" width=\"600\" height=\"600\" srcset=\"https:\/\/jack.cmparts.cn\/wp-content\/uploads\/2023\/05\/89-4-XINCHAI-498BPG-connecting-rod-1-600x600.jpg 600w, https:\/\/jack.cmparts.cn\/wp-content\/uploads\/2023\/05\/89-4-XINCHAI-498BPG-connecting-rod-1-150x150.jpg 150w, https:\/\/jack.cmparts.cn\/wp-content\/uploads\/2023\/05\/89-4-XINCHAI-498BPG-connecting-rod-1-768x768.jpg 768w, https:\/\/jack.cmparts.cn\/wp-content\/uploads\/2023\/05\/89-4-XINCHAI-498BPG-connecting-rod-1-300x300.jpg 300w, https:\/\/jack.cmparts.cn\/wp-content\/uploads\/2023\/05\/89-4-XINCHAI-498BPG-connecting-rod-1-100x100.jpg 100w, https:\/\/jack.cmparts.cn\/wp-content\/uploads\/2023\/05\/89-4-XINCHAI-498BPG-connecting-rod-1.jpg 1000w\" sizes=\"(max-width: 600px) 100vw, 600px\" \/><\/p>\n<p>29370017652 Blue cloth tape 60*100<br \/>\n4120004761003 engine bracket assembly C33AZ-6N3350<br \/>\nLG7300001159A Without h\/rupture protection<br \/>\nF91E1-2702 oil stop cable bracket 13022804<br \/>\n27130003381 positioning plate<br \/>\n29170164131 PLATE<br \/>\n29240029921 Rotary filter<br \/>\n26090002901 Grease gun mounting bracket<br \/>\n26070000721 Vacuum pump oil: H8305038<br \/>\n4110001015046 Sewing machine oil<br \/>\n26441008932 Air conditioner high pressure hose<br \/>\n4043002573 round steel<br \/>\nFZ0000477 boom LL3320G<br \/>\n29260012271 Engine ASSY<br \/>\n4041002262 joint bearing assembly<br \/>\n8299507 reverse gear switch<br \/>\n14662644 Bolt GB5783-M12*55EpZn-8.8<br \/>\n1690100247 GUSSET PANEL-L.H.<br \/>\n6117900001 ECU wiring harness \u2160 22213933<br \/>\n4120001326006 Boom cylinder small cavity steel pipe<br \/>\n29030026531 right cover<br \/>\n26170017431 SIX POINT SOCKET SCREW<br \/>\n2929000871041 front frame attachment<br \/>\n26141001861 Hose 20541-24-06TZ\/20511-24-06TZXFC687-06\u00d75<br \/>\n29270022961 distributor cover<br \/>\n26330014321 Oil return steel pipe L916H HD<br \/>\n11225241 Cab rear working light rocker switch JK939C<br \/>\n11218147 metal hinge HM4040-8T<br \/>\n11213610 Antirust primer<br \/>\n14404718 ring gear bracket<br \/>\n29141009891 Plug<br \/>\n6410005550 P-platen<br \/>\n29140020211 MT85 chassis<br \/>\n4110000555146 Start switch(777)<br \/>\n4011000205 spool 930.6.3.1<br \/>\n28230007711 plate<br \/>\n29330013191 fuel tank assembly E6155FS<br \/>\n6392200034 nine hole plate<br \/>\nF29112-72000 test2<br \/>\n7300000469 Radiator<br \/>\n4120000730039 steering pump drive gear<br \/>\n4014015121 CONNECTION BOARD<br \/>\nWHATSAPP\/WECHAT:+86 15706448386<br \/>\n11217654 plate<br \/>\n29430000741 Heavy Duty Pipe Wrench 12\u203370814<br \/>\n29380034361 brake pad<br \/>\n4120001025 Adjusting gasket 425*425*120<br \/>\n29100017381 plate<br \/>\n26160003571 Press plate<br \/>\n4110000054237 Bolt (M8*6) ZL18E-01-15<br \/>\n14543717 gearbox assembly<br \/>\n4030000270 EEFL lamp tube 1200mm\uffe08mm 7061177<br \/>\n4110015194222 L956F cab<br \/>\n4110000129377 Breaking hammer HB210<br \/>\n4110000125311 shock absorber<br \/>\n29170061081 Solenoid valve US-40 DC24V<br \/>\n11215103 Bent plate<br \/>\n2907002025014 plate<br \/>\n28430000111 main valve cover plate<br \/>\n4130003165 frame sub-assembly Z06025.34.200<br \/>\n4110000846078 swivel joint ZH0812<br \/>\n26331018451 cab assembly<br \/>\n26030003211 Urea tank bracket<br \/>\n11223776 Straight pipe connector<br \/>\n6392200356 plate<br \/>\n29260032221 Straight head LGB177-23642<br \/>\n4120008302001 spring tube \u03a612 (8-9M)<br \/>\nFDH220DC casters Keshun 2 series 2-5608-448<br \/>\n4110003268145 priority valve feedback oil pipe<br \/>\n11212250 oil filter bracket<br \/>\n11225456 Upper cover assembly<br \/>\nMail:jma54309@gmail.com<br \/>\n26330031331 BUCKET<br \/>\n26330014251 fixed wheel mounting plate<br \/>\n14633134 Water storage tank assembly<br \/>\n6220000016 DECAL KIT<br \/>\n6612000063 Muffler smoke pipe<br \/>\n26431000751 rubber block 3<br \/>\n4120006075005 rear frame<br \/>\n29240005221 Left long pull rod<br \/>\n9150000377 Boom 1015*3096<br \/>\n4110003783037 rear lower vertical beam<br \/>\n1690200066 Work light switch JK931-01GZD<br \/>\n4110002277001 backhoe loader-6B080055AA100<br \/>\n4110000038035 torque converter assembly<br \/>\n6220000320 L933 oil cylinder assembly<br \/>\nF31Y1-05612 pin<br \/>\n5812215A29 Interior light<br \/>\n29100011251 Air duct sub-assembly L956F-W(DBJ)-1301401<br \/>\n6410006890 Sticker LGB315-60M*100*24<br \/>\n29280016362 Bucket cylinder middle and upper steel pipe<br \/>\n11214594 plate<br \/>\n4120005064003 Sheath<br \/>\n29070022601 TRAY<br \/>\nJ4120000867101 LS plug 24011600110 14529146<br \/>\n29030015501 right liner cover<br \/>\n7200001707 pipe clamp<br \/>\n4110000057001 Gasket<br \/>\n26170016461 Injector wiring harness 1001105490<br \/>\n7300000442 bucket teeth<br \/>\n060210064A0204 steel pipe<br \/>\n29220019881 220-5 rear glass<br \/>\n26260015911 plate<br \/>\n14638993 Intercooler intake hose \u2160 \u2160<br \/>\n4190000536193 CONDENSER_ASSY COMBINED<br \/>\n28270012171 supercharger gasket A1A00-1118002<br \/>\n26200002311 Bracket<br \/>\nM5-2936000792 Disabled &#8211; universal joint cross shaft assembly EQ140-39118-T (shaft diameter 39) Atlas disabled<br \/>\n4110000924043 snap ring<br \/>\nF11Q6-90332 Riser<br \/>\n4120004769010 Operating bench<br \/>\n29330018141 support block 612600112056<br \/>\n26310002801 Safety Identification Pack<br \/>\n29290021691 Hose 87311-12-16Z\/20491-36-16TZ\u00d7FC686-16\u00d716<br \/>\n11217090 Cylinder block and cylinder liner assembly 1002030-D031\/A\/P<br \/>\n6430000064 O-ring<br \/>\n29010061411 plate<br \/>\nF61E3-3534 O-ring<br \/>\n4110004420 jam<br \/>\n4120002038117 Bracket<br \/>\n6390203384 rear frame<br \/>\n12747716 Pin shaft<br \/>\n4110002598010 SUPPORT_WA S_RING LGS820<br \/>\n28010014311 Off-highway dump truck<br \/>\n6253000264 deactivated-support ring 218499<br \/>\n29330050941 support<br \/>\n4120007322010 Straight head LGB120-21819<br \/>\n29011000511 rear frame<br \/>\n11219981 Launched JU6700<br \/>\n4120018410 Petroleum ether<br \/>\n26441001721 Lifting steel pipe<br \/>\n29140023151 plate<br \/>\n4110004276149 rear frame<br \/>\n4110000172062 O-ring GB3452.1-180*5.30G<br \/>\nF hole 40 parking brake assembly ZL50F.12.12.1<br \/>\n4120016675 Rear steering lamp cover<br \/>\n4120005533105 threaded joint<br \/>\n26370004871 Bolt GB16674.1-M12*55flZnyc-8.8-480<br \/>\n6900013441 Lower repair kit<br \/>\n14405679 steel plate t12\u00d71000\u00d7800<br \/>\n4110001061223 BRACKET<br \/>\n3070900496 Grooving boring bar RAG123H11-40B Shante<br \/>\n6296000033 The third connection port<br \/>\nWHATSAPP\/WECHAT:+86 15706448386<br \/>\n6233000432 water pipe<br \/>\n29200007851 counterweight<br \/>\nLG2190901586-1 Shaft sleeve H=16 55A2532 14604322<br \/>\n29330020191 Bluetooth Receiver Marl (for 1087RI use)<br \/>\n29010061891 Gasket D22-103-30A+C<br \/>\nFZ0001270 Subframe<br \/>\n29050021461 Fan guard<br \/>\nG2200L2244106A3 control box assembly<br \/>\n6619000059 Small chamber steel pipe to auxiliary equipment cylinder<br \/>\n29170153141 Shaft sleeve<br \/>\n26320005861 water pump pulley 13069926<br \/>\n089560F6 piston ring<br \/>\n29290046191 transition joint<br \/>\n6373401592 partition bracket assembly<br \/>\n29031002701 pressure gauge<br \/>\n6410006653 Deactivated-pin LG918<br \/>\n26441009081 Bending plate<br \/>\n4190003431 ink fountain<br \/>\n29370019661 rubber hose<br \/>\n4110001200 Rubber isolation sleeve A498B-11003<br \/>\n4110001394104 bracket welding part LY-LG956-2A-37-020<br \/>\n4110002549030 Square tube 40\u00d740\u00d74\u00d72191<br \/>\n14403660 PIPE_ASSY<br \/>\n29330028221 bucket assembly<br \/>\nFSXLG250 Cab Attachment<br \/>\n4120004788004 counterweight<br \/>\n4110001100323 Contact A22-EK01<br \/>\n26350100561 Angle brace<br \/>\n26170012621 Ratchet wrench head Wurth P703510901<br \/>\n4110002900013 Transition steel pipe assembly 14400841<br \/>\nLG690001500 Sponge<br \/>\n29240011471 PORT SAFETY VALVE 02.02.09.00067<br \/>\n29310024611 power supply electrical assembly<br \/>\n4110000997273 Elastic pin-shift shaft limit 1702138-661<br \/>\n29010036511 engine assembly WD10G240E21 (G0314) LG918<br \/>\n14404497 Hose GB10542-9-3B*2500<br \/>\n6410004536 expansion tank bracket<br \/>\n11213897 Air conditioning control switch<br \/>\n29150020731 Dustproof sealing ring<br \/>\n5202110GD9 right speaker bracket<br \/>\nLG2926001357 1 gear control mark<br \/>\n21909007941 Controller DKE000-3823351<br \/>\n4041001838 filter<br \/>\n11213217 Drive axle assembly L916<br \/>\n4190000536284 gear BD05-01006<br \/>\n3030900031 E6600HB excavator<br \/>\n29290009141 cover<br \/>\n9100000562 Oil-absorbing steel pipe<br \/>\nLG2924002144 1 Board connector 6C-16LN<br \/>\nLG2924002114 3 Welding of the upper cover plate<br \/>\n29330076802 SADDLE; PLATE HMBCS ARCH; G990<br \/>\n29170031141 Inclined iron<br \/>\n6410006592 Rubber strip<br \/>\n4013000426 B876 common arm spare pipeline (additional pieces)<br \/>\n29100030351 Straight head LGB177-22633<br \/>\n4041001857 shock absorber<\/p>\n","protected":false},"excerpt":{"rendered":"<p>Connecting Rod XINCHAI 498BPG DIESEL ENGINE PARTS 29370017652 Blue cloth tape 60*100 4120004761003 engine bracket assembly C33AZ-6N3350 LG7300001159A Without h\/rupture protection F91E1-2702 oil stop cable bracket 13022804 27130003381 positioning plate 29170164131 PLATE 29240029921 Rotary filter 26090002901 Grease gun mounting bracket <span class=\"excerpt-dots\">&hellip;<\/span> <a class=\"more-link\" href=\"https:\/\/jack.cmparts.cn\/?product=connecting-rod-xinchai-498bpg-diesel-engine-parts\"><span class=\"more-msg\">Continue reading &rarr;<\/span><\/a><\/p>\n","protected":false},"featured_media":12082,"template":"","meta":[],"product_cat":[18,43,50,42],"product_tag":[137,178,181],"yoast_head":"<!-- This site is optimized with the Yoast SEO plugin v20.6 - https:\/\/yoast.com\/wordpress\/plugins\/seo\/ -->\n<title>Connecting Rod XINCHAI 498BPG DIESEL ENGINE PARTS - WEIMAN CO .,Ltd<\/title>\n<meta name=\"description\" content=\"Original Connecting Rod XINCHAI 498BPG DIESEL ENGINE PARTS Supply from Chinese factory With Good Price\" \/>\n<meta name=\"robots\" content=\"index, follow, max-snippet:-1, max-image-preview:large, max-video-preview:-1\" \/>\n<link rel=\"canonical\" href=\"https:\/\/jack.cmparts.cn\/?product=connecting-rod-xinchai-498bpg-diesel-engine-parts\" \/>\n<meta property=\"og:locale\" content=\"en_US\" \/>\n<meta property=\"og:type\" content=\"article\" \/>\n<meta property=\"og:title\" content=\"Connecting Rod XINCHAI 498BPG DIESEL ENGINE PARTS - WEIMAN CO .,Ltd\" \/>\n<meta property=\"og:description\" content=\"Original Connecting Rod XINCHAI 498BPG DIESEL ENGINE PARTS Supply from Chinese factory With Good Price\" \/>\n<meta property=\"og:url\" content=\"https:\/\/jack.cmparts.cn\/?product=connecting-rod-xinchai-498bpg-diesel-engine-parts\" \/>\n<meta property=\"og:site_name\" content=\"WEIMAN CO .,Ltd\" \/>\n<meta property=\"article:modified_time\" content=\"2023-05-23T08:09:28+00:00\" \/>\n<meta property=\"og:image\" content=\"https:\/\/jack.cmparts.cn\/wp-content\/uploads\/2023\/05\/89-4-XINCHAI-498BPG-connecting-rod-4.jpg\" \/>\n\t<meta property=\"og:image:width\" content=\"1000\" \/>\n\t<meta property=\"og:image:height\" content=\"1000\" \/>\n\t<meta property=\"og:image:type\" content=\"image\/jpeg\" \/>\n<meta name=\"twitter:card\" content=\"summary_large_image\" \/>\n<meta name=\"twitter:label1\" content=\"Est. reading time\" \/>\n\t<meta name=\"twitter:data1\" content=\"1 minute\" \/>\n<script type=\"application\/ld+json\" class=\"yoast-schema-graph\">{\"@context\":\"https:\/\/schema.org\",\"@graph\":[{\"@type\":\"WebPage\",\"@id\":\"https:\/\/jack.cmparts.cn\/?product=connecting-rod-xinchai-498bpg-diesel-engine-parts\",\"url\":\"https:\/\/jack.cmparts.cn\/?product=connecting-rod-xinchai-498bpg-diesel-engine-parts\",\"name\":\"Connecting Rod XINCHAI 498BPG DIESEL ENGINE PARTS - WEIMAN CO .,Ltd\",\"isPartOf\":{\"@id\":\"https:\/\/jack.cmparts.cn\/#website\"},\"datePublished\":\"2023-05-23T08:09:27+00:00\",\"dateModified\":\"2023-05-23T08:09:28+00:00\",\"description\":\"Original Connecting Rod XINCHAI 498BPG DIESEL ENGINE PARTS Supply from Chinese factory With Good Price\",\"breadcrumb\":{\"@id\":\"https:\/\/jack.cmparts.cn\/?product=connecting-rod-xinchai-498bpg-diesel-engine-parts#breadcrumb\"},\"inLanguage\":\"en-US\",\"potentialAction\":[{\"@type\":\"ReadAction\",\"target\":[\"https:\/\/jack.cmparts.cn\/?product=connecting-rod-xinchai-498bpg-diesel-engine-parts\"]}]},{\"@type\":\"BreadcrumbList\",\"@id\":\"https:\/\/jack.cmparts.cn\/?product=connecting-rod-xinchai-498bpg-diesel-engine-parts#breadcrumb\",\"itemListElement\":[{\"@type\":\"ListItem\",\"position\":1,\"name\":\"Home\",\"item\":\"https:\/\/jack.cmparts.cn\/\"},{\"@type\":\"ListItem\",\"position\":2,\"name\":\"Products\",\"item\":\"https:\/\/jack.cmparts.cn\/?post_type=product\"},{\"@type\":\"ListItem\",\"position\":3,\"name\":\"Connecting Rod XINCHAI 498BPG DIESEL ENGINE PARTS\"}]},{\"@type\":\"WebSite\",\"@id\":\"https:\/\/jack.cmparts.cn\/#website\",\"url\":\"https:\/\/jack.cmparts.cn\/\",\"name\":\"WEIMAN CO .,Ltd\",\"description\":\"SDLG XCMG LIUGONG FOTON LOVOL SEM SHANTUI LONKING XGMA SPARE PARTS\",\"potentialAction\":[{\"@type\":\"SearchAction\",\"target\":{\"@type\":\"EntryPoint\",\"urlTemplate\":\"https:\/\/jack.cmparts.cn\/?s={search_term_string}\"},\"query-input\":\"required name=search_term_string\"}],\"inLanguage\":\"en-US\"}]}<\/script>\n<!-- \/ Yoast SEO plugin. -->","yoast_head_json":{"title":"Connecting Rod XINCHAI 498BPG DIESEL ENGINE PARTS - WEIMAN CO .,Ltd","description":"Original Connecting Rod XINCHAI 498BPG DIESEL ENGINE PARTS Supply from Chinese factory With Good Price","robots":{"index":"index","follow":"follow","max-snippet":"max-snippet:-1","max-image-preview":"max-image-preview:large","max-video-preview":"max-video-preview:-1"},"canonical":"https:\/\/jack.cmparts.cn\/?product=connecting-rod-xinchai-498bpg-diesel-engine-parts","og_locale":"en_US","og_type":"article","og_title":"Connecting Rod XINCHAI 498BPG DIESEL ENGINE PARTS - WEIMAN CO .,Ltd","og_description":"Original Connecting Rod XINCHAI 498BPG DIESEL ENGINE PARTS Supply from Chinese factory With Good Price","og_url":"https:\/\/jack.cmparts.cn\/?product=connecting-rod-xinchai-498bpg-diesel-engine-parts","og_site_name":"WEIMAN CO .,Ltd","article_modified_time":"2023-05-23T08:09:28+00:00","og_image":[{"width":1000,"height":1000,"url":"https:\/\/jack.cmparts.cn\/wp-content\/uploads\/2023\/05\/89-4-XINCHAI-498BPG-connecting-rod-4.jpg","type":"image\/jpeg"}],"twitter_card":"summary_large_image","twitter_misc":{"Est. reading time":"1 minute"},"schema":{"@context":"https:\/\/schema.org","@graph":[{"@type":"WebPage","@id":"https:\/\/jack.cmparts.cn\/?product=connecting-rod-xinchai-498bpg-diesel-engine-parts","url":"https:\/\/jack.cmparts.cn\/?product=connecting-rod-xinchai-498bpg-diesel-engine-parts","name":"Connecting Rod XINCHAI 498BPG DIESEL ENGINE PARTS - WEIMAN CO .,Ltd","isPartOf":{"@id":"https:\/\/jack.cmparts.cn\/#website"},"datePublished":"2023-05-23T08:09:27+00:00","dateModified":"2023-05-23T08:09:28+00:00","description":"Original Connecting Rod XINCHAI 498BPG DIESEL ENGINE PARTS Supply from Chinese factory With Good Price","breadcrumb":{"@id":"https:\/\/jack.cmparts.cn\/?product=connecting-rod-xinchai-498bpg-diesel-engine-parts#breadcrumb"},"inLanguage":"en-US","potentialAction":[{"@type":"ReadAction","target":["https:\/\/jack.cmparts.cn\/?product=connecting-rod-xinchai-498bpg-diesel-engine-parts"]}]},{"@type":"BreadcrumbList","@id":"https:\/\/jack.cmparts.cn\/?product=connecting-rod-xinchai-498bpg-diesel-engine-parts#breadcrumb","itemListElement":[{"@type":"ListItem","position":1,"name":"Home","item":"https:\/\/jack.cmparts.cn\/"},{"@type":"ListItem","position":2,"name":"Products","item":"https:\/\/jack.cmparts.cn\/?post_type=product"},{"@type":"ListItem","position":3,"name":"Connecting Rod XINCHAI 498BPG DIESEL ENGINE PARTS"}]},{"@type":"WebSite","@id":"https:\/\/jack.cmparts.cn\/#website","url":"https:\/\/jack.cmparts.cn\/","name":"WEIMAN CO .,Ltd","description":"SDLG XCMG LIUGONG FOTON LOVOL SEM SHANTUI LONKING XGMA SPARE PARTS","potentialAction":[{"@type":"SearchAction","target":{"@type":"EntryPoint","urlTemplate":"https:\/\/jack.cmparts.cn\/?s={search_term_string}"},"query-input":"required name=search_term_string"}],"inLanguage":"en-US"}]}},"_links":{"self":[{"href":"https:\/\/jack.cmparts.cn\/index.php?rest_route=\/wp\/v2\/product\/12135"}],"collection":[{"href":"https:\/\/jack.cmparts.cn\/index.php?rest_route=\/wp\/v2\/product"}],"about":[{"href":"https:\/\/jack.cmparts.cn\/index.php?rest_route=\/wp\/v2\/types\/product"}],"wp:featuredmedia":[{"embeddable":true,"href":"https:\/\/jack.cmparts.cn\/index.php?rest_route=\/wp\/v2\/media\/12082"}],"wp:attachment":[{"href":"https:\/\/jack.cmparts.cn\/index.php?rest_route=%2Fwp%2Fv2%2Fmedia&parent=12135"}],"wp:term":[{"taxonomy":"product_cat","embeddable":true,"href":"https:\/\/jack.cmparts.cn\/index.php?rest_route=%2Fwp%2Fv2%2Fproduct_cat&post=12135"},{"taxonomy":"product_tag","embeddable":true,"href":"https:\/\/jack.cmparts.cn\/index.php?rest_route=%2Fwp%2Fv2%2Fproduct_tag&post=12135"}],"curies":[{"name":"wp","href":"https:\/\/api.w.org\/{rel}","templated":true}]}}