{"id":12136,"date":"2023-05-23T08:11:36","date_gmt":"2023-05-23T08:11:36","guid":{"rendered":"https:\/\/jack.cmparts.cn\/?post_type=product&#038;p=12136"},"modified":"2023-05-23T08:11:37","modified_gmt":"2023-05-23T08:11:37","slug":"repair-kit-xinchai-498bpg-diesel-engine-parts","status":"publish","type":"product","link":"https:\/\/jack.cmparts.cn\/?product=repair-kit-xinchai-498bpg-diesel-engine-parts","title":{"rendered":"Repair Kit XINCHAI 498BPG DIESEL ENGINE PARTS"},"content":{"rendered":"<p>Repair Kit XINCHAI 498BPG DIESEL ENGINE PARTS<\/p>\n<p><img decoding=\"async\" loading=\"lazy\" class=\"alignnone size-medium wp-image-12076\" src=\"https:\/\/jack.cmparts.cn\/wp-content\/uploads\/2023\/05\/88-3-XINCHAI-498BPG-repair-kit-2-600x600.jpg\" alt=\"88 3 XINCHAI 498BPG repair kit (2)\" width=\"600\" height=\"600\" srcset=\"https:\/\/jack.cmparts.cn\/wp-content\/uploads\/2023\/05\/88-3-XINCHAI-498BPG-repair-kit-2-600x600.jpg 600w, https:\/\/jack.cmparts.cn\/wp-content\/uploads\/2023\/05\/88-3-XINCHAI-498BPG-repair-kit-2-150x150.jpg 150w, https:\/\/jack.cmparts.cn\/wp-content\/uploads\/2023\/05\/88-3-XINCHAI-498BPG-repair-kit-2-768x768.jpg 768w, https:\/\/jack.cmparts.cn\/wp-content\/uploads\/2023\/05\/88-3-XINCHAI-498BPG-repair-kit-2-300x300.jpg 300w, https:\/\/jack.cmparts.cn\/wp-content\/uploads\/2023\/05\/88-3-XINCHAI-498BPG-repair-kit-2-100x100.jpg 100w, https:\/\/jack.cmparts.cn\/wp-content\/uploads\/2023\/05\/88-3-XINCHAI-498BPG-repair-kit-2.jpg 1000w\" sizes=\"(max-width: 600px) 100vw, 600px\" \/> <img decoding=\"async\" loading=\"lazy\" class=\"alignnone size-medium wp-image-12075\" src=\"https:\/\/jack.cmparts.cn\/wp-content\/uploads\/2023\/05\/88-3-XINCHAI-498BPG-repair-kit-1-600x600.jpg\" alt=\"88 3 XINCHAI 498BPG repair kit (2)\" width=\"600\" height=\"600\" srcset=\"https:\/\/jack.cmparts.cn\/wp-content\/uploads\/2023\/05\/88-3-XINCHAI-498BPG-repair-kit-1-600x600.jpg 600w, https:\/\/jack.cmparts.cn\/wp-content\/uploads\/2023\/05\/88-3-XINCHAI-498BPG-repair-kit-1-150x150.jpg 150w, https:\/\/jack.cmparts.cn\/wp-content\/uploads\/2023\/05\/88-3-XINCHAI-498BPG-repair-kit-1-768x768.jpg 768w, https:\/\/jack.cmparts.cn\/wp-content\/uploads\/2023\/05\/88-3-XINCHAI-498BPG-repair-kit-1-300x300.jpg 300w, https:\/\/jack.cmparts.cn\/wp-content\/uploads\/2023\/05\/88-3-XINCHAI-498BPG-repair-kit-1-100x100.jpg 100w, https:\/\/jack.cmparts.cn\/wp-content\/uploads\/2023\/05\/88-3-XINCHAI-498BPG-repair-kit-1.jpg 1000w\" sizes=\"(max-width: 600px) 100vw, 600px\" \/><\/p>\n<p>29330045081 wiper arm<br \/>\n29130024191 Washer 100*122*12.6<br \/>\n6215000555 Dashboard wiring harness<br \/>\n28380003151 strut<br \/>\n7200001506 shift shaft LGH9330006<br \/>\n4110000011097 hydraulic torque converter YJHSW315-2A 1-0<br \/>\n4110001921123 friction plate (LG150 walking)<br \/>\n6233000038 RS8260F road roller<br \/>\n29330059421 fuse ANM 200<br \/>\n6270000378 \u03a68 oxygen tube 5514<br \/>\nFFXJ1 Bracket<br \/>\n6212000292 PLATE<br \/>\n4120002634 6250ARM upper wire seat model<br \/>\n4120002038120 background support frame<br \/>\n4110000647030 bucket cylinder assembly<br \/>\n6900019850 Piston 1004902-D704<br \/>\n29260046971 O-ring LGB168-02631<br \/>\n29200010901 Bolt GB5782-M10*45EpZn-8.8<br \/>\n28250014741 Tracheal model: US98A080060 BK LG952N<br \/>\n4120006230147 battery positive wire<br \/>\n26120009252 Coolant connecting pipe 612600112318<br \/>\n29290012801 Left side panel<br \/>\n26100004871 Shaft YD13 353 012 (153)<br \/>\n4110000186138 Deactivated &#8211; Tape Radio<br \/>\nF4941583 Connector graco 200389<br \/>\n4110002321001 cylinder 139790<br \/>\nFLWZG00004 RC bucket teeth 135*135*55<br \/>\nF21N5-10051 air filter main element<br \/>\nF71M9-02310 Accelerator backing plate<br \/>\n28230002801 Straight connector<br \/>\n29360016601 Fuel injection pump gear cover A60J00-1002205<br \/>\n4110002409152 valve to the small chamber steel pipe of the right boom cylinder<br \/>\n29290045731 Pinion BB70-2<br \/>\n4110001126067 steel pipe 984229<br \/>\nH2-2814000798 connector<br \/>\n11015189 RING<br \/>\n14624962 Volvo 210 repair kit arm<br \/>\nFXKAH-01191 Blocking plate<br \/>\nF61Q6-21301 Anti-loosening bolt<br \/>\n4110001952063 Cab LG956.00<br \/>\n4110003445096 on the shelves JU6210<br \/>\n29010081821 steel pipe<br \/>\nL955 diesel engine oil CJ-4 15W-40 18L<br \/>\n29060007691 Bolt M20x1.5\u00d757 12.9-adapter<br \/>\n28320002131 Gasket<br \/>\n6430000092 plate<br \/>\nF71N6-02940 Water diffuser inlet pipe<br \/>\n4110003783002 Arm cylinder<br \/>\n6220001327 Five-color alarm lamp DC24V<br \/>\n4110000038002 Main bearing cover positioning sleeve F04257514<br \/>\nJ7300001691B piston rod HD469-2406013<br \/>\n14406138 Boring tool holder<br \/>\nFKC2708010114030 stick cylinder HSGK-90*60*880-1280<br \/>\n28010006741 lower partition<br \/>\n5303000310 L953 Wheel Loader Parts Atlas<br \/>\n6410003498 bucket wall<br \/>\n4110000029027 Ladder with booster pump 14400100<br \/>\n11223828 bulldozing plate oil seal<br \/>\n3214543578 Bushing<br \/>\n4120002689 axle housing 4474.354.129<br \/>\n4110000560025 Beam<br \/>\n6320000083 Angle steel 50*50*4<br \/>\n4190000394020 support ring<br \/>\n29010061351 steel plate t1.5-Q235B<br \/>\n6900021603 Bench<br \/>\n6900021559 battery fixing plate<br \/>\n29170046701 Protective net HB0293<br \/>\n11213395 Oil return block<br \/>\n6233000760 Seal package<br \/>\n29210011631 Hose F481CAB2100605-1250<br \/>\nMail:jma54309@gmail.com<br \/>\n4110000186177 Front wall cover 13034470<br \/>\nLG2929001615 belt<br \/>\n2120900450 Plug 0R0MH27<br \/>\n28231002812 Hose LGB145-205120<br \/>\n26010015821 boom<br \/>\n29010074421 Sheung Shui Chamber LY-LG956-3-37-012<br \/>\n4130016209 variable speed pump CBGj2032<br \/>\n27160000941 Cylindrical pin GB119.1-2000-8*40<br \/>\n29100032561 main blade 17441798<br \/>\n26010007101 plate<br \/>\n11219762 Torx screw M2.2*6<br \/>\n4190000536043 Blocking cover 612600830169<br \/>\n29170086361 O-ring<br \/>\n7200002672 Roller bearing<br \/>\n21506256 plate<br \/>\n7300001356 support<br \/>\nLG9150000202 battery ground wire<br \/>\n4180000027 pipe joint G28<br \/>\n26180015541 door panel-1<br \/>\n4110000186258 Four-way block<br \/>\nF31M8-51120 Oil-absorbing steel pipe<br \/>\n4110000081117 Distribution box (driving power box\/63A) thickened 300*400*160<br \/>\n26121007841 LG938L cab panel assembly (North America)<br \/>\n29170042121 scraper (for 6035 printer) Xerox<br \/>\n6410005097 Inlet and return oil block<br \/>\n29241003673 Right upper partition<br \/>\n29030030681 shaft 4120005338-6<br \/>\n4110015124002 Hexagon head flange bolt EN 01662-F-M6X30-10.9-ZNAL 100863<br \/>\nF29250000051 TOP PLATE; DRAWBAR; LIGHT DUTY<br \/>\n29330016711 oil seal<br \/>\n7200000545 retaining ring<br \/>\n14592030 PLATE_LUG<br \/>\nLG28350001231011 cooling air support plate<br \/>\n4190001226 belt tensioner<br \/>\n29220020912 plug<br \/>\nM086DWA12 Sponge<br \/>\n14404037 Thread plug gauge M12*1.75<br \/>\n4110015578030 Hook<br \/>\n4110000076027 E6500F crawler hydraulic excavator (rock arm)<br \/>\n29360025811 Shaft sleeve<br \/>\n26240012201 Diffuser<br \/>\n29440000621 front beam<br \/>\nI4-4120002674 LG933L Wheel Loader-3311214G3904<br \/>\n4120005213 Back cushion bag CN-608584<br \/>\n7100000135 oil cooler 6357.014.1000<br \/>\n4110001003075 Battery box attention mark<br \/>\n4110001922072 Collar<br \/>\n29240036262 35*90\u00b0 straight shank drill<br \/>\nLG8286134 Disabled-locking piece<br \/>\n4110003268198 Plug VSTI22*1.5ORCF<br \/>\n29070022271 limit block assembly<br \/>\n28360004341 UND CRG FRAME(WELDED)<br \/>\nF11N6-27020 differential cover 70A0051<br \/>\n26330047411 LG936 hydraulic oil tank assembly<br \/>\n29120033671 brake caliper-LG918<br \/>\n4120018749 bucket<br \/>\n29330070321 Right door sliding window A0-B1133I<br \/>\n4110000555 PLATE<br \/>\n7200002271 round tube<br \/>\n26110006901 pressure selection valve fixing plate<br \/>\n29260037771 rear frame wiring harness<br \/>\n26130027881 Haier 32 inch TV hanger<br \/>\n26110002351 main beam<br \/>\n11215674 steel grit \u03a61.0<br \/>\n2110900060 variable speed pump oil suction pipe assembly<br \/>\n4120006292 Gasket LGB303-60*120*2<br \/>\n6430001062 plate<br \/>\n11211903 PLATE<br \/>\n29190011541 Flange<br \/>\n21909012521 Straight connector 1DH-36-33<br \/>\n3110900535 L959F cab welding assembly<br \/>\n4110001100198 Special tool for VRT200<br \/>\n6430001254 thumb clip<br \/>\n6410001865 Drum heater (250mm*1740mm 2000W for 200KG<br \/>\n6410006629 PLATE_CTR SIDE RR LH<br \/>\n6229000061 Diode module 128677<br \/>\n29071001431 12-point head bolt JB\/T6686-M10\u00d725<br \/>\n4110000217066 Hood Logo Pack<br \/>\n11217496 Square tube 40\u00d740\u00d74\u00d71300<br \/>\n6900020237 936l front frame<br \/>\n4110001381008 sealing ring<br \/>\n29150007971 oil filter element 1000424655\u2013adapted parts<br \/>\n6619000143 GEAR R42<br \/>\n29170014141 steel pipe<br \/>\n4110001094 oil filter eliminator bracket plate placement frame<br \/>\n29330011661 rear frame wiring harness<br \/>\nLG29120029151C PLATE<br \/>\n4110002196026 rubber sheet<br \/>\n29310008361 connecting plate<br \/>\n3030900101 upper cylinder assembly TF220V22001<br \/>\n26010011641 hinge plate<br \/>\n4110001841008 flange<br \/>\n29070025641 Lifting joint right large cavity steel pipe<br \/>\n29220025741 front cover assembly<br \/>\n26090000571 Rear floor pad LG680E<br \/>\n4120005044 aluminum plug (i) 6105QA-1003086<br \/>\n29220024391 off-highway dump truck<br \/>\n9100000258 bucket assembly BG700<br \/>\n26110003101 cover plate<br \/>\nFM24-68 pump wheel YJSW315-7A-00001 LG938L<br \/>\n11211244 track<br \/>\n29260013711 U-shaped lock<br \/>\n26260013391 seat base assembly<br \/>\n14402914 Hose LGB124-014047<br \/>\n29290032661 Sewer chamber LY-LG956-3-1301700<br \/>\n4110003210098 Signs and logos<br \/>\n26360102044 bucket<br \/>\n6228000069 motor assembly<br \/>\n4120018236001 cylinder head gasket<br \/>\n11210881 Sponge<br \/>\n11217459 Right inner panel<br \/>\n6900001790 (obsolete) GEAR PINION AND DIFFERENTIAL AXLE GE<br \/>\n28280018421 Punch parts<br \/>\n29170042451 Pneumatic conversion adapter 64041116<br \/>\n6900016240 nut<br \/>\n4130001212003 plug<br \/>\n29120014711 ZL20E wheel loader<br \/>\n4110003163017 Gasket 408124<br \/>\n26170017591 Safety Quick Change Drilling and Tapping Multipurpose Chuck Main Body J4320\/3# Z3040*16<br \/>\n4190002205 universal joint cross shaft assembly 130<br \/>\n4110001557011 left protective door assembly<br \/>\n29250026871 counterweight<br \/>\n4110000509246 random tool assembly 49AZ002 G9190<br \/>\n6410001315 Wireless Scanning Terminal MC9090<br \/>\n4190000472 LG968 loader cab assembly<\/p>\n","protected":false},"excerpt":{"rendered":"<p>Repair Kit XINCHAI 498BPG DIESEL ENGINE PARTS 29330045081 wiper arm 29130024191 Washer 100*122*12.6 6215000555 Dashboard wiring harness 28380003151 strut 7200001506 shift shaft LGH9330006 4110000011097 hydraulic torque converter YJHSW315-2A 1-0 4110001921123 friction plate (LG150 walking) 6233000038 RS8260F road roller 29330059421 fuse <span class=\"excerpt-dots\">&hellip;<\/span> <a class=\"more-link\" href=\"https:\/\/jack.cmparts.cn\/?product=repair-kit-xinchai-498bpg-diesel-engine-parts\"><span class=\"more-msg\">Continue reading &rarr;<\/span><\/a><\/p>\n","protected":false},"featured_media":12076,"template":"","meta":[],"product_cat":[18,43,50,42],"product_tag":[131,137,167,181],"yoast_head":"<!-- This site is optimized with the Yoast SEO plugin v20.6 - https:\/\/yoast.com\/wordpress\/plugins\/seo\/ -->\n<title>Repair Kit XINCHAI 498BPG DIESEL ENGINE PARTS - WEIMAN CO .,Ltd<\/title>\n<meta name=\"description\" content=\"Original Repair Kit XINCHAI 498BPG DIESEL ENGINE PARTS Supply from Chinese factory With Good Price\" \/>\n<meta name=\"robots\" content=\"index, follow, max-snippet:-1, max-image-preview:large, max-video-preview:-1\" \/>\n<link rel=\"canonical\" href=\"https:\/\/jack.cmparts.cn\/?product=repair-kit-xinchai-498bpg-diesel-engine-parts\" \/>\n<meta property=\"og:locale\" content=\"en_US\" \/>\n<meta property=\"og:type\" content=\"article\" \/>\n<meta property=\"og:title\" content=\"Repair Kit XINCHAI 498BPG DIESEL ENGINE PARTS - WEIMAN CO .,Ltd\" \/>\n<meta property=\"og:description\" content=\"Original Repair Kit XINCHAI 498BPG DIESEL ENGINE PARTS Supply from Chinese factory With Good Price\" \/>\n<meta property=\"og:url\" content=\"https:\/\/jack.cmparts.cn\/?product=repair-kit-xinchai-498bpg-diesel-engine-parts\" \/>\n<meta property=\"og:site_name\" content=\"WEIMAN CO .,Ltd\" \/>\n<meta property=\"article:modified_time\" content=\"2023-05-23T08:11:37+00:00\" \/>\n<meta property=\"og:image\" content=\"https:\/\/jack.cmparts.cn\/wp-content\/uploads\/2023\/05\/88-3-XINCHAI-498BPG-repair-kit-2.jpg\" \/>\n\t<meta property=\"og:image:width\" content=\"1000\" \/>\n\t<meta property=\"og:image:height\" content=\"1000\" \/>\n\t<meta property=\"og:image:type\" content=\"image\/jpeg\" \/>\n<meta name=\"twitter:card\" content=\"summary_large_image\" \/>\n<meta name=\"twitter:label1\" content=\"Est. reading time\" \/>\n\t<meta name=\"twitter:data1\" content=\"1 minute\" \/>\n<script type=\"application\/ld+json\" class=\"yoast-schema-graph\">{\"@context\":\"https:\/\/schema.org\",\"@graph\":[{\"@type\":\"WebPage\",\"@id\":\"https:\/\/jack.cmparts.cn\/?product=repair-kit-xinchai-498bpg-diesel-engine-parts\",\"url\":\"https:\/\/jack.cmparts.cn\/?product=repair-kit-xinchai-498bpg-diesel-engine-parts\",\"name\":\"Repair Kit XINCHAI 498BPG DIESEL ENGINE PARTS - WEIMAN CO .,Ltd\",\"isPartOf\":{\"@id\":\"https:\/\/jack.cmparts.cn\/#website\"},\"datePublished\":\"2023-05-23T08:11:36+00:00\",\"dateModified\":\"2023-05-23T08:11:37+00:00\",\"description\":\"Original Repair Kit XINCHAI 498BPG DIESEL ENGINE PARTS Supply from Chinese factory With Good Price\",\"breadcrumb\":{\"@id\":\"https:\/\/jack.cmparts.cn\/?product=repair-kit-xinchai-498bpg-diesel-engine-parts#breadcrumb\"},\"inLanguage\":\"en-US\",\"potentialAction\":[{\"@type\":\"ReadAction\",\"target\":[\"https:\/\/jack.cmparts.cn\/?product=repair-kit-xinchai-498bpg-diesel-engine-parts\"]}]},{\"@type\":\"BreadcrumbList\",\"@id\":\"https:\/\/jack.cmparts.cn\/?product=repair-kit-xinchai-498bpg-diesel-engine-parts#breadcrumb\",\"itemListElement\":[{\"@type\":\"ListItem\",\"position\":1,\"name\":\"Home\",\"item\":\"https:\/\/jack.cmparts.cn\/\"},{\"@type\":\"ListItem\",\"position\":2,\"name\":\"Products\",\"item\":\"https:\/\/jack.cmparts.cn\/?post_type=product\"},{\"@type\":\"ListItem\",\"position\":3,\"name\":\"Repair Kit XINCHAI 498BPG DIESEL ENGINE PARTS\"}]},{\"@type\":\"WebSite\",\"@id\":\"https:\/\/jack.cmparts.cn\/#website\",\"url\":\"https:\/\/jack.cmparts.cn\/\",\"name\":\"WEIMAN CO .,Ltd\",\"description\":\"SDLG XCMG LIUGONG FOTON LOVOL SEM SHANTUI LONKING XGMA SPARE PARTS\",\"potentialAction\":[{\"@type\":\"SearchAction\",\"target\":{\"@type\":\"EntryPoint\",\"urlTemplate\":\"https:\/\/jack.cmparts.cn\/?s={search_term_string}\"},\"query-input\":\"required name=search_term_string\"}],\"inLanguage\":\"en-US\"}]}<\/script>\n<!-- \/ Yoast SEO plugin. -->","yoast_head_json":{"title":"Repair Kit XINCHAI 498BPG DIESEL ENGINE PARTS - WEIMAN CO .,Ltd","description":"Original Repair Kit XINCHAI 498BPG DIESEL ENGINE PARTS Supply from Chinese factory With Good Price","robots":{"index":"index","follow":"follow","max-snippet":"max-snippet:-1","max-image-preview":"max-image-preview:large","max-video-preview":"max-video-preview:-1"},"canonical":"https:\/\/jack.cmparts.cn\/?product=repair-kit-xinchai-498bpg-diesel-engine-parts","og_locale":"en_US","og_type":"article","og_title":"Repair Kit XINCHAI 498BPG DIESEL ENGINE PARTS - WEIMAN CO .,Ltd","og_description":"Original Repair Kit XINCHAI 498BPG DIESEL ENGINE PARTS Supply from Chinese factory With Good Price","og_url":"https:\/\/jack.cmparts.cn\/?product=repair-kit-xinchai-498bpg-diesel-engine-parts","og_site_name":"WEIMAN CO .,Ltd","article_modified_time":"2023-05-23T08:11:37+00:00","og_image":[{"width":1000,"height":1000,"url":"https:\/\/jack.cmparts.cn\/wp-content\/uploads\/2023\/05\/88-3-XINCHAI-498BPG-repair-kit-2.jpg","type":"image\/jpeg"}],"twitter_card":"summary_large_image","twitter_misc":{"Est. reading time":"1 minute"},"schema":{"@context":"https:\/\/schema.org","@graph":[{"@type":"WebPage","@id":"https:\/\/jack.cmparts.cn\/?product=repair-kit-xinchai-498bpg-diesel-engine-parts","url":"https:\/\/jack.cmparts.cn\/?product=repair-kit-xinchai-498bpg-diesel-engine-parts","name":"Repair Kit XINCHAI 498BPG DIESEL ENGINE PARTS - WEIMAN CO .,Ltd","isPartOf":{"@id":"https:\/\/jack.cmparts.cn\/#website"},"datePublished":"2023-05-23T08:11:36+00:00","dateModified":"2023-05-23T08:11:37+00:00","description":"Original Repair Kit XINCHAI 498BPG DIESEL ENGINE PARTS Supply from Chinese factory With Good Price","breadcrumb":{"@id":"https:\/\/jack.cmparts.cn\/?product=repair-kit-xinchai-498bpg-diesel-engine-parts#breadcrumb"},"inLanguage":"en-US","potentialAction":[{"@type":"ReadAction","target":["https:\/\/jack.cmparts.cn\/?product=repair-kit-xinchai-498bpg-diesel-engine-parts"]}]},{"@type":"BreadcrumbList","@id":"https:\/\/jack.cmparts.cn\/?product=repair-kit-xinchai-498bpg-diesel-engine-parts#breadcrumb","itemListElement":[{"@type":"ListItem","position":1,"name":"Home","item":"https:\/\/jack.cmparts.cn\/"},{"@type":"ListItem","position":2,"name":"Products","item":"https:\/\/jack.cmparts.cn\/?post_type=product"},{"@type":"ListItem","position":3,"name":"Repair Kit XINCHAI 498BPG DIESEL ENGINE PARTS"}]},{"@type":"WebSite","@id":"https:\/\/jack.cmparts.cn\/#website","url":"https:\/\/jack.cmparts.cn\/","name":"WEIMAN CO .,Ltd","description":"SDLG XCMG LIUGONG FOTON LOVOL SEM SHANTUI LONKING XGMA SPARE PARTS","potentialAction":[{"@type":"SearchAction","target":{"@type":"EntryPoint","urlTemplate":"https:\/\/jack.cmparts.cn\/?s={search_term_string}"},"query-input":"required name=search_term_string"}],"inLanguage":"en-US"}]}},"_links":{"self":[{"href":"https:\/\/jack.cmparts.cn\/index.php?rest_route=\/wp\/v2\/product\/12136"}],"collection":[{"href":"https:\/\/jack.cmparts.cn\/index.php?rest_route=\/wp\/v2\/product"}],"about":[{"href":"https:\/\/jack.cmparts.cn\/index.php?rest_route=\/wp\/v2\/types\/product"}],"wp:featuredmedia":[{"embeddable":true,"href":"https:\/\/jack.cmparts.cn\/index.php?rest_route=\/wp\/v2\/media\/12076"}],"wp:attachment":[{"href":"https:\/\/jack.cmparts.cn\/index.php?rest_route=%2Fwp%2Fv2%2Fmedia&parent=12136"}],"wp:term":[{"taxonomy":"product_cat","embeddable":true,"href":"https:\/\/jack.cmparts.cn\/index.php?rest_route=%2Fwp%2Fv2%2Fproduct_cat&post=12136"},{"taxonomy":"product_tag","embeddable":true,"href":"https:\/\/jack.cmparts.cn\/index.php?rest_route=%2Fwp%2Fv2%2Fproduct_tag&post=12136"}],"curies":[{"name":"wp","href":"https:\/\/api.w.org\/{rel}","templated":true}]}}