{"id":12782,"date":"2023-05-24T09:13:37","date_gmt":"2023-05-24T09:13:37","guid":{"rendered":"https:\/\/jack.cmparts.cn\/?post_type=product&#038;p=12782"},"modified":"2023-05-26T08:55:34","modified_gmt":"2023-05-26T08:55:34","slug":"w043100120-spiral-bevel-gear-set-sem","status":"publish","type":"product","link":"https:\/\/jack.cmparts.cn\/?product=w043100120-spiral-bevel-gear-set-sem","title":{"rendered":"W043100120 5362156 Spiral Bevel Gear (Set) SEM"},"content":{"rendered":"<p>W043100120 5362156 Spiral Bevel Gear (Set) SEM SEM660B SEM660D SEM663D Wheel Loader Spare Parts<\/p>\n<p><img decoding=\"async\" loading=\"lazy\" class=\"alignnone size-medium wp-image-12749\" src=\"https:\/\/jack.cmparts.cn\/wp-content\/uploads\/2023\/05\/343-201-W043100120-Spiral-Bevel-Gear-Set-SEM--600x600.jpg\" alt=\"343 201 W043100120 Spiral Bevel Gear (Set) SEM\" width=\"600\" height=\"600\" srcset=\"https:\/\/jack.cmparts.cn\/wp-content\/uploads\/2023\/05\/343-201-W043100120-Spiral-Bevel-Gear-Set-SEM--600x600.jpg 600w, https:\/\/jack.cmparts.cn\/wp-content\/uploads\/2023\/05\/343-201-W043100120-Spiral-Bevel-Gear-Set-SEM--150x150.jpg 150w, https:\/\/jack.cmparts.cn\/wp-content\/uploads\/2023\/05\/343-201-W043100120-Spiral-Bevel-Gear-Set-SEM--768x768.jpg 768w, https:\/\/jack.cmparts.cn\/wp-content\/uploads\/2023\/05\/343-201-W043100120-Spiral-Bevel-Gear-Set-SEM--300x300.jpg 300w, https:\/\/jack.cmparts.cn\/wp-content\/uploads\/2023\/05\/343-201-W043100120-Spiral-Bevel-Gear-Set-SEM--100x100.jpg 100w, https:\/\/jack.cmparts.cn\/wp-content\/uploads\/2023\/05\/343-201-W043100120-Spiral-Bevel-Gear-Set-SEM-.jpg 1000w\" sizes=\"(max-width: 600px) 100vw, 600px\" \/><\/p>\n<p>29250017861 IV cylinder high pressure oil pipe HA10001523<br \/>\nF100 air compressor support plate 6105Q-1002037<br \/>\n29370012322 off-highway dump truck<br \/>\nM095HWAD5 Phosphate Supplement<br \/>\n4190002308002 O-ring KAB68-50-0001<br \/>\n26330043851 plug<br \/>\n803069930 XCMG ZL50GN \u0413\u0415\u0420\u041c\u0415\u0422\u0418\u0427\u0415\u0421\u041a\u0410\u042f \u041e\u0411\u041e\u041b\u041e\u0427\u041a\u0410 (\u041f\u0410\u041b\u0415\u0426 \u041e\u041f\u0420\u041e\u041a\u0418\u0414. \u041c) 803069930<br \/>\n11217318 Off-highway dump truck<br \/>\n14881448 Rectangular tube LGB318-40*20*2*580<br \/>\n4190002247 Throat clamp Q\/SC1302-105~127<br \/>\n26220000811 retaining ring<br \/>\n11213245 tags<br \/>\n29190004011 POP string flag<br \/>\n6410006944 brake caliper piston d65 130040003<br \/>\nFZ0000844 off-highway dump truck<br \/>\n8289736 board<br \/>\n29150020251 fixed seat<br \/>\nF31Y1-22560F rocker arm<br \/>\n4190015398041 bottom plate<br \/>\n29141007231 rear frame wiring harness<br \/>\n21317494 Top plate<br \/>\n4043000013 Parking control flexible shaft<br \/>\n29291017641 Cab body<br \/>\n17004398 bearing<br \/>\n1090000043 front frame<br \/>\n2618001442004 deactivated-fuel tank 15402005<br \/>\n11217044 plate<br \/>\n4110001424040 E6460F HD boom stick module-replacement<br \/>\n4110000565262 LG979 wheel loader<br \/>\n14406331 Plug 612600040729<br \/>\n4120006559 left rear panel<br \/>\nL055FL3115A29A0 belt B1020 21928687<br \/>\n29190012211 PLATE<br \/>\nVG1246010034\/35 STD \u0414\u0412\u0421 WD10G220E30 \u0412\u041a\u041b\u0410\u0414\u042b\u0428 \u041a\u041e\u0420\u0415\u041d\u041d\u041e\u0419 VG1246010034\/35 STD<br \/>\n4120000183 Hex socket head cap screw 01302247<br \/>\n4120000597 Charge valve bracket<br \/>\n29070010871 Polyurethane casters Keshun 4-6109-929<br \/>\n1174-56980 Mirror bracket<br \/>\n4110000556101 gear pump CBGj1025<br \/>\n29110012081 Side unloading cylinder HSGL-80*45*450-750A<br \/>\n28281010001 Tire 23.5-25-24PR-L3<br \/>\n29020014221 GB12981-motor vehicle brake fluid HZY3-800g 14540388<br \/>\n7200002514 Oil-absorbing steel pipe<br \/>\n4180000246 intake hose<br \/>\n26270000741 Fan leaf<br \/>\n3783604 \u042d\u043a\u0441-\u0440 XE150W \u0438\u043d\u0432. \u21163699, \u0425\u0415210 \u0422\u0423\u0420\u0411\u041e\u041a\u041e\u041c\u041f\u0420\u0415\u0421\u0421\u041e\u0420 HX40W 3783604<br \/>\n21002531 Pin shaft-trial production<br \/>\n4110001475 E635H model logo LG936L<br \/>\n4130002062 cushion<br \/>\n11211130 Dashboard wiring harness<br \/>\n26031011241 bucket assembly BG550<br \/>\n29270011191 Oil, Coolant<br \/>\n26291005721 Diaphragm shockproof pressure gauge stainless steel flange YTPN60 (0-0.6MPa) interface GZ1\/2, 2.5<br \/>\n4110002373016 bearing NU206<br \/>\n4110000565100 bearing UC208<br \/>\n4120002732016 Upper main shaft bush D02A-111-01A<br \/>\nF4PK925 Third joint interface ZFJ<br \/>\n29330077562 on shelves<br \/>\n14703783 10*M12 trachea connector<br \/>\n29170022711 Thimble<br \/>\n3120900641 Front wheel assembly SWE120L<br \/>\n2010900143 HOSE ASSEMBLY<br \/>\n4110000129024 injector part D28-001-39+A<br \/>\n26060002131 straight head<br \/>\n4110001100298 limit block<br \/>\nFW112-73740 tubing assembly 24A052460<br \/>\n29050013081 DOWN RIGHT LIFTER 3214585551<br \/>\n4120002278038 TRAVEL CRUISE<br \/>\n9200000765 gas mask is suitable for 1.2 welding wire 145.0604 ZFJ<br \/>\n6220001288 flywheel housing C92AL-92AL001+A<br \/>\n29210008981 Rubber hose clamp<br \/>\n803083000 \u042d\u043a\u0441\u043a\u0430\u0432\u0430\u0442\u043e\u0440 XE210W \u211650, \u211640 \u0413\u041b\u0410\u0412\u041d\u042b\u0419 \u041a\u041b\u0410\u041f\u0410\u041d 803083000<br \/>\n4110001061278 Main bearing bush assembly 612630010566<br \/>\n4120006272017 Short pull rod (left)<br \/>\n6410002150 PUSHER PLATE<br \/>\nFZ0000084 P-pipe clamp<br \/>\n6221000128 bucket<br \/>\n6233000139 plate<br \/>\n29100028313 Hose LGB106-012118<br \/>\n4120015957 Bracket<br \/>\n4110000734204 PLATE<br \/>\n4120010834002 plate<br \/>\n29141004081 rib plate<br \/>\n12740241 Radiator<br \/>\n29020010001 tubing<br \/>\n28310004431 lower partition<br \/>\n6373200393 primary color paper box<br \/>\n14400289 engine assembly<br \/>\n4110000160065 rubber sheet<br \/>\n29260023133 off-highway dump truck<br \/>\nFZ0000347 rubber hose clamp<br \/>\n29070021121 Bottom plate LGB160-4254<br \/>\n3060900067 PUR Sponge 20-CR5<br \/>\n6410004870 Bracket<br \/>\n6399000061 flat nose pliers SDA 75121<br \/>\n2907002025029 Seal kit 24A200170S<br \/>\nKKZW4110000757 board<br \/>\n21908001521 P-screw GB70.1-M10*55EpZn-10.9<br \/>\n6212000607 pipe joint assembly 13032738<br \/>\n14695127 deactivated-hydraulic oil tank assembly<br \/>\n4190003559016 frame wire harness<br \/>\n4120002571002 Mounting plate<br \/>\n11225107 A510A rear drive axle assembly<br \/>\n29281003571 gearbox support<br \/>\n4110002110010 left sliding window assembly<br \/>\n7300000568 leveling guard<br \/>\n6410002673 oil seal<br \/>\n4120001153002 right headlight bracket<br \/>\n26331036841 Large lumen hose<br \/>\n4110000081229 wire retaining ring 249200075<br \/>\n6900004783 Bracket<br \/>\n26130107611 board<br \/>\n29260020241 front window glass<br \/>\n29051004901 Off-highway dump truck 8230-21790<br \/>\n29170068803 Stick<br \/>\n29120021371 operating handle assembly<br \/>\n11212322 Seal maintenance kit 24A105880S<br \/>\n11222674 fuel tank<br \/>\n29150035742 PLATE_BEND TANK<br \/>\n4043005576 Deactivated-hose<br \/>\n6214000230 Intercooler core B910310.01-01-01<br \/>\n29290046321 PLATE<br \/>\nLFT22 9 tons (Rexroth) wooden fork pipe part<br \/>\n4041001996 Gasket LGB303-45*75*1<br \/>\n4120008317 pedal<br \/>\nF8PK1500 multi-layer board eucalyptus surface 1200*2400*5mm<br \/>\n6222000129 Bracket<br \/>\n4110001121033 large cavity right steel pipe<br \/>\n28060005271 fixed sleeve<br \/>\n6390902697 Drill rod \u03c6205*1700-cross head-adapter<br \/>\n29260044231 Hydraulic oil tank oil return filter assembly XNL-250\u00d710-566<br \/>\n9100000980 LG953 wheel loader without implement<br \/>\nKKZW4016000113 P-screw GB2673-M12*25EpZn-4.8<br \/>\n4110003226066 CAB<br \/>\n7200000827 Cap nut 15841-92320<br \/>\n29310013391 Battery cable P50*285<br \/>\n28809012041 Hose LGB164-003060<br \/>\n29290018371 front axle bolt<br \/>\n29170085261 rear drive shaft<br \/>\n6242000004 bottom plate<br \/>\n29240001371 EXTRA HYD EQUIPMENT<br \/>\n26170008361 reverse gear piston assembly<br \/>\n26300002431 compressor bracket-blank<br \/>\n11412138 engine assembly BF6M1013-21T3R2170<br \/>\n5304000163 Bolt GB16674.1-M12*55EpZn-8.8<br \/>\n26260007611 Oil sensor plug (double)<br \/>\n4110002373012 light frame plate<br \/>\n4110003654006 WHEEL 20.5R25-1STTL-L-3<br \/>\n6900018873 Rubber plug<br \/>\n4110004296011 solenoid valve<br \/>\n28050002771 Signs and markings<br \/>\n4110000970106 front oil seal assembly C3942535<br \/>\n4110002773 chain<br \/>\n26290003321 diesel filter assembly HA11996<br \/>\n29070018291 LFT18 transmission shaft assembly<br \/>\n26360001091 cab wiring harness<br \/>\n14568806 Pipe clamp<br \/>\n29260048381 positioning pin 00004<br \/>\n6264000772 square steel<br \/>\n4110002900021 EGR cooler inlet pipe assembly 1207126-1799\/A<br \/>\n4190015671 Bent plate<br \/>\nLG2928001314101 Bearing washer<br \/>\n29330049052 WASHER<br \/>\n29330031891 square tube<br \/>\n4110015708047 rear cover<br \/>\nA13-4110001550 Angle steel 50\u00d750\u00d75\u00d72600<br \/>\n4120007082C right support frame<br \/>\n29030200611 camshaft timing gear D30-1006021<br \/>\n4110002126238 wear plate<br \/>\n29140027201 attached<br \/>\n6392900058 water pump 1004229342<br \/>\n4120001819023 retaining ring A= 2.40 0730 513 436<br \/>\n26240017161 Cab identification package<br \/>\n28270009431 HYDRAULIC CONTROL ASSEMBLY<br \/>\nFZGAQ-02329 shock absorber MDS110-55<br \/>\n29010047811 rear card board<br \/>\n7200002499 Bent plate<br \/>\n1690100248 Dust seal 24D207002<br \/>\nM086HWAG9 exhaust pipe C<br \/>\n4110000038119 Gasket 612630120005<br \/>\n983304 rear articulation frame<br \/>\n29070026451 OPERATE BOX<br \/>\n4190002907002 brake caliper O-ring ZL16-04-02<br \/>\n29220001021 Quick change device identification (Chinese and English)<br \/>\n6900022709 electrical system<br \/>\nEB877 Catheter hose DN10*5000MM<br \/>\n29290038881 main pump transition line<br \/>\n11222524 bearing<br \/>\n4120000089 front frame attachment<br \/>\n29140009661 planetary bevel gear shaft ZL10.6.1-22A<br \/>\n26340009931 Painted wire shielding tooling FAB-M-14<br \/>\n11216781 deactivated-cylinder head sub-assembly-with valve guide 1003020-52D<br \/>\n6420000642 plate<br \/>\n4120006560014 alloy drill \u03a623.7*80*120*\u03a625<br \/>\n29070019621 Lock plate<br \/>\n28250012461 right rear upper glass<br \/>\n4120008098005 pilot tube LG660E-2<br \/>\n11225240 50 large tubing<br \/>\n26380009271 fuel tank assembly<br \/>\n11222791 right large glass<\/p>\n","protected":false},"excerpt":{"rendered":"<p>W043100120 5362156 Spiral Bevel Gear (Set) SEM SEM660B SEM660D SEM663D Wheel Loader Spare Parts 29250017861 IV cylinder high pressure oil pipe HA10001523 F100 air compressor support plate 6105Q-1002037 29370012322 off-highway dump truck M095HWAD5 Phosphate Supplement 4190002308002 O-ring KAB68-50-0001 26330043851 plug <span class=\"excerpt-dots\">&hellip;<\/span> <a class=\"more-link\" href=\"https:\/\/jack.cmparts.cn\/?product=w043100120-spiral-bevel-gear-set-sem\"><span class=\"more-msg\">Continue reading &rarr;<\/span><\/a><\/p>\n","protected":false},"featured_media":12749,"template":"","meta":[],"product_cat":[74,50,72],"product_tag":[123,134,140],"yoast_head":"<!-- This site is optimized with the Yoast SEO plugin v20.6 - https:\/\/yoast.com\/wordpress\/plugins\/seo\/ -->\n<title>W043100120 5362156 Spiral Bevel Gear (Set) SEM - WEIMAN CO .,Ltd<\/title>\n<meta name=\"description\" content=\"Original W043100120 5362156 Spiral Bevel Gear (Set) SEM SEM660B SEM660D SEM663D Wheel Loader Spare Parts Supply from Chinese factory With Good Price\" \/>\n<meta name=\"robots\" content=\"index, follow, max-snippet:-1, max-image-preview:large, max-video-preview:-1\" \/>\n<link rel=\"canonical\" href=\"https:\/\/jack.cmparts.cn\/?product=w043100120-spiral-bevel-gear-set-sem\" \/>\n<meta property=\"og:locale\" content=\"en_US\" \/>\n<meta property=\"og:type\" content=\"article\" \/>\n<meta property=\"og:title\" content=\"W043100120 5362156 Spiral Bevel Gear (Set) SEM - WEIMAN CO .,Ltd\" \/>\n<meta property=\"og:description\" content=\"Original W043100120 5362156 Spiral Bevel Gear (Set) SEM SEM660B SEM660D SEM663D Wheel Loader Spare Parts Supply from Chinese factory With Good Price\" \/>\n<meta property=\"og:url\" content=\"https:\/\/jack.cmparts.cn\/?product=w043100120-spiral-bevel-gear-set-sem\" \/>\n<meta property=\"og:site_name\" content=\"WEIMAN CO .,Ltd\" \/>\n<meta property=\"article:modified_time\" content=\"2023-05-26T08:55:34+00:00\" \/>\n<meta property=\"og:image\" content=\"https:\/\/jack.cmparts.cn\/wp-content\/uploads\/2023\/05\/343-201-W043100120-Spiral-Bevel-Gear-Set-SEM-.jpg\" \/>\n\t<meta property=\"og:image:width\" content=\"1000\" \/>\n\t<meta property=\"og:image:height\" content=\"1000\" \/>\n\t<meta property=\"og:image:type\" content=\"image\/jpeg\" \/>\n<meta name=\"twitter:card\" content=\"summary_large_image\" \/>\n<meta name=\"twitter:label1\" content=\"Est. reading time\" \/>\n\t<meta name=\"twitter:data1\" content=\"4 minutes\" \/>\n<script type=\"application\/ld+json\" class=\"yoast-schema-graph\">{\"@context\":\"https:\/\/schema.org\",\"@graph\":[{\"@type\":\"WebPage\",\"@id\":\"https:\/\/jack.cmparts.cn\/?product=w043100120-spiral-bevel-gear-set-sem\",\"url\":\"https:\/\/jack.cmparts.cn\/?product=w043100120-spiral-bevel-gear-set-sem\",\"name\":\"W043100120 5362156 Spiral Bevel Gear (Set) SEM - WEIMAN CO .,Ltd\",\"isPartOf\":{\"@id\":\"https:\/\/jack.cmparts.cn\/#website\"},\"datePublished\":\"2023-05-24T09:13:37+00:00\",\"dateModified\":\"2023-05-26T08:55:34+00:00\",\"description\":\"Original W043100120 5362156 Spiral Bevel Gear (Set) SEM SEM660B SEM660D SEM663D Wheel Loader Spare Parts Supply from Chinese factory With Good Price\",\"breadcrumb\":{\"@id\":\"https:\/\/jack.cmparts.cn\/?product=w043100120-spiral-bevel-gear-set-sem#breadcrumb\"},\"inLanguage\":\"en-US\",\"potentialAction\":[{\"@type\":\"ReadAction\",\"target\":[\"https:\/\/jack.cmparts.cn\/?product=w043100120-spiral-bevel-gear-set-sem\"]}]},{\"@type\":\"BreadcrumbList\",\"@id\":\"https:\/\/jack.cmparts.cn\/?product=w043100120-spiral-bevel-gear-set-sem#breadcrumb\",\"itemListElement\":[{\"@type\":\"ListItem\",\"position\":1,\"name\":\"Home\",\"item\":\"https:\/\/jack.cmparts.cn\/\"},{\"@type\":\"ListItem\",\"position\":2,\"name\":\"Products\",\"item\":\"https:\/\/jack.cmparts.cn\/?post_type=product\"},{\"@type\":\"ListItem\",\"position\":3,\"name\":\"W043100120 5362156 Spiral Bevel Gear (Set) SEM\"}]},{\"@type\":\"WebSite\",\"@id\":\"https:\/\/jack.cmparts.cn\/#website\",\"url\":\"https:\/\/jack.cmparts.cn\/\",\"name\":\"WEIMAN CO .,Ltd\",\"description\":\"SDLG XCMG LIUGONG FOTON LOVOL SEM SHANTUI LONKING XGMA SPARE PARTS\",\"potentialAction\":[{\"@type\":\"SearchAction\",\"target\":{\"@type\":\"EntryPoint\",\"urlTemplate\":\"https:\/\/jack.cmparts.cn\/?s={search_term_string}\"},\"query-input\":\"required name=search_term_string\"}],\"inLanguage\":\"en-US\"}]}<\/script>\n<!-- \/ Yoast SEO plugin. -->","yoast_head_json":{"title":"W043100120 5362156 Spiral Bevel Gear (Set) SEM - WEIMAN CO .,Ltd","description":"Original W043100120 5362156 Spiral Bevel Gear (Set) SEM SEM660B SEM660D SEM663D Wheel Loader Spare Parts Supply from Chinese factory With Good Price","robots":{"index":"index","follow":"follow","max-snippet":"max-snippet:-1","max-image-preview":"max-image-preview:large","max-video-preview":"max-video-preview:-1"},"canonical":"https:\/\/jack.cmparts.cn\/?product=w043100120-spiral-bevel-gear-set-sem","og_locale":"en_US","og_type":"article","og_title":"W043100120 5362156 Spiral Bevel Gear (Set) SEM - WEIMAN CO .,Ltd","og_description":"Original W043100120 5362156 Spiral Bevel Gear (Set) SEM SEM660B SEM660D SEM663D Wheel Loader Spare Parts Supply from Chinese factory With Good Price","og_url":"https:\/\/jack.cmparts.cn\/?product=w043100120-spiral-bevel-gear-set-sem","og_site_name":"WEIMAN CO .,Ltd","article_modified_time":"2023-05-26T08:55:34+00:00","og_image":[{"width":1000,"height":1000,"url":"https:\/\/jack.cmparts.cn\/wp-content\/uploads\/2023\/05\/343-201-W043100120-Spiral-Bevel-Gear-Set-SEM-.jpg","type":"image\/jpeg"}],"twitter_card":"summary_large_image","twitter_misc":{"Est. reading time":"4 minutes"},"schema":{"@context":"https:\/\/schema.org","@graph":[{"@type":"WebPage","@id":"https:\/\/jack.cmparts.cn\/?product=w043100120-spiral-bevel-gear-set-sem","url":"https:\/\/jack.cmparts.cn\/?product=w043100120-spiral-bevel-gear-set-sem","name":"W043100120 5362156 Spiral Bevel Gear (Set) SEM - WEIMAN CO .,Ltd","isPartOf":{"@id":"https:\/\/jack.cmparts.cn\/#website"},"datePublished":"2023-05-24T09:13:37+00:00","dateModified":"2023-05-26T08:55:34+00:00","description":"Original W043100120 5362156 Spiral Bevel Gear (Set) SEM SEM660B SEM660D SEM663D Wheel Loader Spare Parts Supply from Chinese factory With Good Price","breadcrumb":{"@id":"https:\/\/jack.cmparts.cn\/?product=w043100120-spiral-bevel-gear-set-sem#breadcrumb"},"inLanguage":"en-US","potentialAction":[{"@type":"ReadAction","target":["https:\/\/jack.cmparts.cn\/?product=w043100120-spiral-bevel-gear-set-sem"]}]},{"@type":"BreadcrumbList","@id":"https:\/\/jack.cmparts.cn\/?product=w043100120-spiral-bevel-gear-set-sem#breadcrumb","itemListElement":[{"@type":"ListItem","position":1,"name":"Home","item":"https:\/\/jack.cmparts.cn\/"},{"@type":"ListItem","position":2,"name":"Products","item":"https:\/\/jack.cmparts.cn\/?post_type=product"},{"@type":"ListItem","position":3,"name":"W043100120 5362156 Spiral Bevel Gear (Set) SEM"}]},{"@type":"WebSite","@id":"https:\/\/jack.cmparts.cn\/#website","url":"https:\/\/jack.cmparts.cn\/","name":"WEIMAN CO .,Ltd","description":"SDLG XCMG LIUGONG FOTON LOVOL SEM SHANTUI LONKING XGMA SPARE PARTS","potentialAction":[{"@type":"SearchAction","target":{"@type":"EntryPoint","urlTemplate":"https:\/\/jack.cmparts.cn\/?s={search_term_string}"},"query-input":"required name=search_term_string"}],"inLanguage":"en-US"}]}},"_links":{"self":[{"href":"https:\/\/jack.cmparts.cn\/index.php?rest_route=\/wp\/v2\/product\/12782"}],"collection":[{"href":"https:\/\/jack.cmparts.cn\/index.php?rest_route=\/wp\/v2\/product"}],"about":[{"href":"https:\/\/jack.cmparts.cn\/index.php?rest_route=\/wp\/v2\/types\/product"}],"wp:featuredmedia":[{"embeddable":true,"href":"https:\/\/jack.cmparts.cn\/index.php?rest_route=\/wp\/v2\/media\/12749"}],"wp:attachment":[{"href":"https:\/\/jack.cmparts.cn\/index.php?rest_route=%2Fwp%2Fv2%2Fmedia&parent=12782"}],"wp:term":[{"taxonomy":"product_cat","embeddable":true,"href":"https:\/\/jack.cmparts.cn\/index.php?rest_route=%2Fwp%2Fv2%2Fproduct_cat&post=12782"},{"taxonomy":"product_tag","embeddable":true,"href":"https:\/\/jack.cmparts.cn\/index.php?rest_route=%2Fwp%2Fv2%2Fproduct_tag&post=12782"}],"curies":[{"name":"wp","href":"https:\/\/api.w.org\/{rel}","templated":true}]}}